{"id":1732,"date":"2025-05-03T11:43:26","date_gmt":"2025-05-03T06:13:26","guid":{"rendered":"https:\/\/aagosha.com\/?page_id=1732"},"modified":"2025-09-06T22:06:38","modified_gmt":"2025-09-06T16:36:38","slug":"terms-and-conditions","status":"publish","type":"page","link":"https:\/\/aagosha.com\/en\/terms-and-conditions\/","title":{"rendered":"Terms and Conditions"},"content":{"rendered":"<div data-elementor-type=\"wp-page\" data-elementor-id=\"1732\" class=\"elementor elementor-1732\" data-elementor-post-type=\"page\">\n\t\t\t\t<div class=\"elementor-element elementor-element-172cdfe e-con-full e-flex wpr-particle-no wpr-jarallax-no wpr-parallax-no wpr-sticky-section-no wpr-equal-height-no e-con e-parent\" data-id=\"172cdfe\" data-element_type=\"container\" data-e-type=\"container\">\n\t\t\t\t<div class=\"elementor-element elementor-element-c2e2d45 elementor-widget elementor-widget-text-editor\" data-id=\"c2e2d45\" data-element_type=\"widget\" data-e-type=\"widget\" data-widget_type=\"text-editor.default\">\n\t\t\t\t<div class=\"elementor-widget-container\">\n\t\t\t\t\t\t\t\t\t<h2 data-start=\"162\" data-end=\"267\">Terms and Conditions<\/h2><h4>1. Scope<\/h4><p>These Terms and Conditions apply to all orders placed through our online store at <a href=\"https:\/\/aagosha.com\/en\/\" target=\"_blank\" rel=\"noopener\">aagosha.com<\/a> by consumers and businesses.<\/p><h4>2. Contractual Partner<\/h4><p>The purchase contract is concluded with:<\/p><p><strong>aagosha<\/strong><br \/>E-Mail: <a href=\"mailto:contact@aagosha.com\">contact@aagosha.com<\/a><br \/>Website: <a href=\"https:\/\/aagosha.com\/en\/\" target=\"_blank\" rel=\"noopener\">https:\/\/aagosha.com<\/a><\/p><h4>3. Conclusion of Contract<\/h4><p>The product listings in our online shop do not represent legally binding offers but are non-binding online catalogs. By clicking the order button, you submit a binding order for the items in your cart. You will receive confirmation of your order by email immediately after submission.<\/p><h4>4. Prices and Shipping Costs<\/h4><p>All prices listed on the product pages include VAT and any other applicable charges. Shipping costs may apply and will be clearly shown during the checkout process.<\/p><h4>5. Delivery<\/h4><p>We deliver worldwide unless otherwise agreed. Standard delivery time is usually 3\u20137 business days depending on your location. If there are any delays, we will notify you promptly.<\/p><h4>6. Payment<\/h4><p>Payment methods include PayPal, credit card, instant bank transfer, or any other option displayed at checkout.<\/p><h4>7. Retention of Title<\/h4><p>The goods remain our property until full payment has been received.<\/p><h4>8. Right of Withdrawal<\/h4><p>Consumers have a legal right to withdraw from the purchase. For more details, please refer to our<\/p><h4>9. Warranty<\/h4><p>Statutory warranty rights apply. If you have any issues or questions, feel free to contact us at <a href=\"mailto:contact@aagosha.com\">contact@aagosha.com<\/a>.<\/p><h4>10. Liability<\/h4><p>We are fully liable for damages caused by injury to life, body, or health. For all other damages, we are liable only in cases of intent or gross negligence.<\/p><h4>11. Final Provisions<\/h4><p>If any provision of these terms is or becomes invalid, the validity of the remaining provisions will remain unaffected. German law applies, excluding the UN Convention on Contracts for the International Sale of Goods.<\/p>\t\t\t\t\t\t\t\t<\/div>\n\t\t\t\t<\/div>\n\t\t\t\t<\/div>\n\t\t\t\t<\/div>","protected":false},"excerpt":{"rendered":"<p>Allgemeine Gesch\u00e4ftsbedingungen 1. Geltungsbereich Diese Allgemeinen Gesch\u00e4ftsbedingungen (AGB) gelten f\u00fcr alle Bestellungen, die \u00fcber unseren Online-Shop aagosha.com durch Verbraucher und Unternehmer erfolgen. 2. Vertragspartner Der Kaufvertrag kommt zustande mit: aagoshaE-Mail: contact@aagosha.comWebsite: https:\/\/aagosha.com 3. Vertragsabschluss Die Darstellung der Produkte im Online-Shop stellt kein rechtlich bindendes Angebot dar, sondern einen unverbindlichen Online-Katalog. Durch Anklicken des Bestellbuttons gibst du eine verbindliche Bestellung der im Warenkorb enthaltenen Waren ab. Die Best\u00e4tigung des Eingangs der Bestellung erfolgt per E-Mail unmittelbar nach dem Absenden der Bestellung. 4. Preise und Versandkosten Die auf den Produktseiten genannten Preise enthalten die gesetzliche Mehrwertsteuer und sonstige Preisbestandteile. Zus\u00e4tzlich zu den angegebenen Preisen k\u00f6nnen Versandkosten anfallen, die im Bestellprozess deutlich ausgewiesen werden. 5. Lieferung Die Lieferung erfolgt weltweit, sofern nichts anderes vereinbart ist. Die Lieferzeit betr\u00e4gt in der Regel 3\u20137 Werktage, abh\u00e4ngig von deinem Standort. Bei Lieferverz\u00f6gerungen informieren wir dich umgehend. 6. Zahlung Die Zahlung erfolgt wahlweise per PayPal, Kreditkarte, Sofort\u00fcberweisung oder einem anderen im Checkout angegebenen Zahlungsdienstleister. 7. Eigentumsvorbehalt Die Ware bleibt bis zur vollst\u00e4ndigen Bezahlung unser Eigentum. 8. Widerrufsrecht Verbraucher haben ein gesetzliches Widerrufsrecht. Details hierzu findest du in unserer. 9. Gew\u00e4hrleistung Die gesetzlichen Gew\u00e4hrleistungsrechte gelten. Bei Fragen oder Problemen kontaktiere uns gerne unter contact@aagosha.com. 10. Haftung Wir haften uneingeschr\u00e4nkt f\u00fcr Sch\u00e4den aus der Verletzung des Lebens, des K\u00f6rpers oder der Gesundheit. F\u00fcr sonstige Sch\u00e4den haften wir nur bei Vorsatz und grober Fahrl\u00e4ssigkeit. 11. Schlussbestimmungen Sollten einzelne Bestimmungen dieser AGB unwirksam sein, bleibt die Wirksamkeit der \u00fcbrigen Bestimmungen unber\u00fchrt. Es gilt deutsches Recht unter Ausschluss des UN-Kaufrechts.<\/p>","protected":false},"author":1,"featured_media":0,"parent":0,"menu_order":0,"comment_status":"closed","ping_status":"closed","template":"","meta":{"two_page_speed":[],"footnotes":""},"class_list":["post-1732","page","type-page","status-publish","hentry"],"yoast_head":"<!-- This site is optimized with the Yoast SEO plugin v27.4 - https:\/\/yoast.com\/product\/yoast-seo-wordpress\/ -->\n<title>Allgemeine Gesch\u00e4ftsbedingungen - Aagosha<\/title>\n<meta name=\"robots\" content=\"index, follow, max-snippet:-1, max-image-preview:large, max-video-preview:-1\" \/>\n<link rel=\"canonical\" href=\"https:\/\/aagosha.com\/en\/terms-and-conditions\/\" \/>\n<meta property=\"og:locale\" content=\"en_US\" \/>\n<meta property=\"og:type\" content=\"article\" \/>\n<meta property=\"og:title\" content=\"Allgemeine Gesch\u00e4ftsbedingungen - Aagosha\" \/>\n<meta property=\"og:description\" content=\"Allgemeine Gesch\u00e4ftsbedingungen 1. Geltungsbereich Diese Allgemeinen Gesch\u00e4ftsbedingungen (AGB) gelten f\u00fcr alle Bestellungen, die \u00fcber unseren Online-Shop aagosha.com durch Verbraucher und Unternehmer erfolgen. 2. Vertragspartner Der Kaufvertrag kommt zustande mit: aagoshaE-Mail: contact@aagosha.comWebsite: https:\/\/aagosha.com 3. Vertragsabschluss Die Darstellung der Produkte im Online-Shop stellt kein rechtlich bindendes Angebot dar, sondern einen unverbindlichen Online-Katalog. Durch Anklicken des Bestellbuttons gibst du eine verbindliche Bestellung der im Warenkorb enthaltenen Waren ab. Die Best\u00e4tigung des Eingangs der Bestellung erfolgt per E-Mail unmittelbar nach dem Absenden der Bestellung. 4. Preise und Versandkosten Die auf den Produktseiten genannten Preise enthalten die gesetzliche Mehrwertsteuer und sonstige Preisbestandteile. Zus\u00e4tzlich zu den angegebenen Preisen k\u00f6nnen Versandkosten anfallen, die im Bestellprozess deutlich ausgewiesen werden. 5. Lieferung Die Lieferung erfolgt weltweit, sofern nichts anderes vereinbart ist. Die Lieferzeit betr\u00e4gt in der Regel 3\u20137 Werktage, abh\u00e4ngig von deinem Standort. Bei Lieferverz\u00f6gerungen informieren wir dich umgehend. 6. Zahlung Die Zahlung erfolgt wahlweise per PayPal, Kreditkarte, Sofort\u00fcberweisung oder einem anderen im Checkout angegebenen Zahlungsdienstleister. 7. Eigentumsvorbehalt Die Ware bleibt bis zur vollst\u00e4ndigen Bezahlung unser Eigentum. 8. Widerrufsrecht Verbraucher haben ein gesetzliches Widerrufsrecht. Details hierzu findest du in unserer. 9. Gew\u00e4hrleistung Die gesetzlichen Gew\u00e4hrleistungsrechte gelten. Bei Fragen oder Problemen kontaktiere uns gerne unter contact@aagosha.com. 10. Haftung Wir haften uneingeschr\u00e4nkt f\u00fcr Sch\u00e4den aus der Verletzung des Lebens, des K\u00f6rpers oder der Gesundheit. F\u00fcr sonstige Sch\u00e4den haften wir nur bei Vorsatz und grober Fahrl\u00e4ssigkeit. 11. Schlussbestimmungen Sollten einzelne Bestimmungen dieser AGB unwirksam sein, bleibt die Wirksamkeit der \u00fcbrigen Bestimmungen unber\u00fchrt. Es gilt deutsches Recht unter Ausschluss des UN-Kaufrechts.\" \/>\n<meta property=\"og:url\" content=\"https:\/\/aagosha.com\/en\/terms-and-conditions\/\" \/>\n<meta property=\"og:site_name\" content=\"Aagosha\" \/>\n<meta property=\"article:modified_time\" content=\"2025-09-06T16:36:38+00:00\" \/>\n<meta name=\"twitter:card\" content=\"summary_large_image\" \/>\n<meta name=\"twitter:label1\" content=\"Est. reading time\" \/>\n\t<meta name=\"twitter:data1\" content=\"2 minutes\" \/>\n<!-- \/ Yoast SEO plugin. -->","yoast_head_json":{"title":"Allgemeine Gesch\u00e4ftsbedingungen - Aagosha","robots":{"index":"index","follow":"follow","max-snippet":"max-snippet:-1","max-image-preview":"max-image-preview:large","max-video-preview":"max-video-preview:-1"},"canonical":"https:\/\/aagosha.com\/en\/terms-and-conditions\/","og_locale":"en_US","og_type":"article","og_title":"Allgemeine Gesch\u00e4ftsbedingungen - Aagosha","og_description":"Allgemeine Gesch\u00e4ftsbedingungen 1. Geltungsbereich Diese Allgemeinen Gesch\u00e4ftsbedingungen (AGB) gelten f\u00fcr alle Bestellungen, die \u00fcber unseren Online-Shop aagosha.com durch Verbraucher und Unternehmer erfolgen. 2. Vertragspartner Der Kaufvertrag kommt zustande mit: aagoshaE-Mail: contact@aagosha.comWebsite: https:\/\/aagosha.com 3. Vertragsabschluss Die Darstellung der Produkte im Online-Shop stellt kein rechtlich bindendes Angebot dar, sondern einen unverbindlichen Online-Katalog. Durch Anklicken des Bestellbuttons gibst du eine verbindliche Bestellung der im Warenkorb enthaltenen Waren ab. Die Best\u00e4tigung des Eingangs der Bestellung erfolgt per E-Mail unmittelbar nach dem Absenden der Bestellung. 4. Preise und Versandkosten Die auf den Produktseiten genannten Preise enthalten die gesetzliche Mehrwertsteuer und sonstige Preisbestandteile. Zus\u00e4tzlich zu den angegebenen Preisen k\u00f6nnen Versandkosten anfallen, die im Bestellprozess deutlich ausgewiesen werden. 5. Lieferung Die Lieferung erfolgt weltweit, sofern nichts anderes vereinbart ist. Die Lieferzeit betr\u00e4gt in der Regel 3\u20137 Werktage, abh\u00e4ngig von deinem Standort. Bei Lieferverz\u00f6gerungen informieren wir dich umgehend. 6. Zahlung Die Zahlung erfolgt wahlweise per PayPal, Kreditkarte, Sofort\u00fcberweisung oder einem anderen im Checkout angegebenen Zahlungsdienstleister. 7. Eigentumsvorbehalt Die Ware bleibt bis zur vollst\u00e4ndigen Bezahlung unser Eigentum. 8. Widerrufsrecht Verbraucher haben ein gesetzliches Widerrufsrecht. Details hierzu findest du in unserer. 9. Gew\u00e4hrleistung Die gesetzlichen Gew\u00e4hrleistungsrechte gelten. Bei Fragen oder Problemen kontaktiere uns gerne unter contact@aagosha.com. 10. Haftung Wir haften uneingeschr\u00e4nkt f\u00fcr Sch\u00e4den aus der Verletzung des Lebens, des K\u00f6rpers oder der Gesundheit. F\u00fcr sonstige Sch\u00e4den haften wir nur bei Vorsatz und grober Fahrl\u00e4ssigkeit. 11. Schlussbestimmungen Sollten einzelne Bestimmungen dieser AGB unwirksam sein, bleibt die Wirksamkeit der \u00fcbrigen Bestimmungen unber\u00fchrt. Es gilt deutsches Recht unter Ausschluss des UN-Kaufrechts.","og_url":"https:\/\/aagosha.com\/en\/terms-and-conditions\/","og_site_name":"Aagosha","article_modified_time":"2025-09-06T16:36:38+00:00","twitter_card":"summary_large_image","twitter_misc":{"Est. reading time":"2 minutes"},"schema":{"@context":"https:\/\/schema.org","@graph":[{"@type":"WebPage","@id":"https:\/\/aagosha.com\/en\/terms-and-conditions\/","url":"https:\/\/aagosha.com\/en\/terms-and-conditions\/","name":"Allgemeine Gesch\u00e4ftsbedingungen - Aagosha","isPartOf":{"@id":"https:\/\/aagosha.com\/#website"},"datePublished":"2025-05-03T06:13:26+00:00","dateModified":"2025-09-06T16:36:38+00:00","breadcrumb":{"@id":"https:\/\/aagosha.com\/en\/terms-and-conditions\/#breadcrumb"},"inLanguage":"en-US","potentialAction":[{"@type":"ReadAction","target":["https:\/\/aagosha.com\/en\/terms-and-conditions\/"]}]},{"@type":"BreadcrumbList","@id":"https:\/\/aagosha.com\/en\/terms-and-conditions\/#breadcrumb","itemListElement":[{"@type":"ListItem","position":1,"name":"Startseite","item":"https:\/\/aagosha.com\/"},{"@type":"ListItem","position":2,"name":"Allgemeine Gesch\u00e4ftsbedingungen"}]},{"@type":"WebSite","@id":"https:\/\/aagosha.com\/#website","url":"https:\/\/aagosha.com\/","name":"Aagosha","description":"","publisher":{"@id":"https:\/\/aagosha.com\/#organization"},"potentialAction":[{"@type":"SearchAction","target":{"@type":"EntryPoint","urlTemplate":"https:\/\/aagosha.com\/?s={search_term_string}"},"query-input":{"@type":"PropertyValueSpecification","valueRequired":true,"valueName":"search_term_string"}}],"inLanguage":"en-US"},{"@type":"Organization","@id":"https:\/\/aagosha.com\/#organization","name":"Aagosha","url":"https:\/\/aagosha.com\/","logo":{"@type":"ImageObject","inLanguage":"en-US","@id":"https:\/\/aagosha.com\/#\/schema\/logo\/image\/","url":"https:\/\/aagosha.com\/wp-content\/uploads\/2025\/04\/cropped-aagosha-logo-1.png","contentUrl":"https:\/\/aagosha.com\/wp-content\/uploads\/2025\/04\/cropped-aagosha-logo-1.png","width":186,"height":53,"caption":"Aagosha"},"image":{"@id":"https:\/\/aagosha.com\/#\/schema\/logo\/image\/"}}]}},"_links":{"self":[{"href":"https:\/\/aagosha.com\/en\/wp-json\/wp\/v2\/pages\/1732","targetHints":{"allow":["GET"]}}],"collection":[{"href":"https:\/\/aagosha.com\/en\/wp-json\/wp\/v2\/pages"}],"about":[{"href":"https:\/\/aagosha.com\/en\/wp-json\/wp\/v2\/types\/page"}],"author":[{"embeddable":true,"href":"https:\/\/aagosha.com\/en\/wp-json\/wp\/v2\/users\/1"}],"replies":[{"embeddable":true,"href":"https:\/\/aagosha.com\/en\/wp-json\/wp\/v2\/comments?post=1732"}],"version-history":[{"count":35,"href":"https:\/\/aagosha.com\/en\/wp-json\/wp\/v2\/pages\/1732\/revisions"}],"predecessor-version":[{"id":3562,"href":"https:\/\/aagosha.com\/en\/wp-json\/wp\/v2\/pages\/1732\/revisions\/3562"}],"wp:attachment":[{"href":"https:\/\/aagosha.com\/en\/wp-json\/wp\/v2\/media?parent=1732"}],"curies":[{"name":"wp","href":"https:\/\/api.w.org\/{rel}","templated":true}]}}