{"id":3502,"date":"2025-07-22T12:24:11","date_gmt":"2025-07-22T06:54:11","guid":{"rendered":"https:\/\/aagosha.com\/?page_id=3502"},"modified":"2025-07-22T12:58:05","modified_gmt":"2025-07-22T07:28:05","slug":"imprint","status":"publish","type":"page","link":"https:\/\/aagosha.com\/en\/imprint\/","title":{"rendered":"Imprint"},"content":{"rendered":"<div data-elementor-type=\"wp-page\" data-elementor-id=\"3502\" class=\"elementor elementor-3502\" data-elementor-post-type=\"page\">\n\t\t\t\t<div class=\"elementor-element elementor-element-99093a9 e-flex e-con-boxed wpr-particle-no wpr-jarallax-no wpr-parallax-no wpr-sticky-section-no wpr-equal-height-no e-con e-parent\" data-id=\"99093a9\" data-element_type=\"container\" data-e-type=\"container\">\n\t\t\t\t\t<div class=\"e-con-inner\">\n\t\t\t\t<div class=\"elementor-element elementor-element-8b94c5f elementor-widget elementor-widget-heading\" data-id=\"8b94c5f\" data-element_type=\"widget\" data-e-type=\"widget\" data-widget_type=\"heading.default\">\n\t\t\t\t<div class=\"elementor-widget-container\">\n\t\t\t\t\t<h2 class=\"elementor-heading-title elementor-size-default\">Imprint<\/h2>\t\t\t\t<\/div>\n\t\t\t\t<\/div>\n\t\t\t\t<div class=\"elementor-element elementor-element-fa0d47e elementor-widget elementor-widget-heading\" data-id=\"fa0d47e\" data-element_type=\"widget\" data-e-type=\"widget\" data-widget_type=\"heading.default\">\n\t\t\t\t<div class=\"elementor-widget-container\">\n\t\t\t\t\t<h4 class=\"elementor-heading-title elementor-size-default\">Aagosha<\/h4>\t\t\t\t<\/div>\n\t\t\t\t<\/div>\n\t\t\t\t<div class=\"elementor-element elementor-element-5603b25 elementor-widget elementor-widget-heading\" data-id=\"5603b25\" data-element_type=\"widget\" data-e-type=\"widget\" data-widget_type=\"heading.default\">\n\t\t\t\t<div class=\"elementor-widget-container\">\n\t\t\t\t\t<h4 class=\"elementor-heading-title elementor-size-default\">Powered by Eurotextiles<\/h4>\t\t\t\t<\/div>\n\t\t\t\t<\/div>\n\t\t\t\t\t<\/div>\n\t\t\t\t<\/div>\n\t\t<div class=\"elementor-element elementor-element-fcda53b e-flex e-con-boxed wpr-particle-no wpr-jarallax-no wpr-parallax-no wpr-sticky-section-no wpr-equal-height-no e-con e-parent\" data-id=\"fcda53b\" data-element_type=\"container\" data-e-type=\"container\">\n\t\t\t\t\t<div class=\"e-con-inner\">\n\t\t\t\t<div class=\"elementor-element elementor-element-5dc45be elementor-widget elementor-widget-text-editor\" data-id=\"5dc45be\" data-element_type=\"widget\" data-e-type=\"widget\" data-widget_type=\"text-editor.default\">\n\t\t\t\t<div class=\"elementor-widget-container\">\n\t\t\t\t\t\t\t\t\t<p><strong>Eurotextiles GmbH &amp; Co. KG<\/strong><br \/>HRA 52174 - Amtsgericht Frankfurt am Main<br \/>VAT-Id.Nr: DE279479010<br \/>Personally Liable Partner: Indra Enterprises GmbH<br \/>Managing Director: Krishna Javvaji<br \/>Registered office Address: Frankfurter Str.63-69, 65760 Eschborn<br \/>(HRB 126753 Amtsgericht Frankfurt am Main, St.Nr.046 315 61005)<br \/>Tel.: <strong>06174\/259-80 &amp; 06174\/2598 14 \/ 24<\/strong><br \/>Fax: <strong>06174\/259-810<\/strong><br \/>E-Mail: <a href=\"mailto:info@eurotextiles.de\">info@eurotextiles.de<\/a> &amp; <a href=\"mailto:contact@aagosha.com\">contact@aagosha.com<\/a><\/p>\t\t\t\t\t\t\t\t<\/div>\n\t\t\t\t<\/div>\n\t\t\t\t<div class=\"elementor-element elementor-element-6002679 elementor-widget elementor-widget-heading\" data-id=\"6002679\" data-element_type=\"widget\" data-e-type=\"widget\" data-widget_type=\"heading.default\">\n\t\t\t\t<div class=\"elementor-widget-container\">\n\t\t\t\t\t<h2 class=\"elementor-heading-title elementor-size-default\">Disclaimer<\/h2>\t\t\t\t<\/div>\n\t\t\t\t<\/div>\n\t\t\t\t<div class=\"elementor-element elementor-element-33d576a elementor-widget elementor-widget-heading\" data-id=\"33d576a\" data-element_type=\"widget\" data-e-type=\"widget\" data-widget_type=\"heading.default\">\n\t\t\t\t<div class=\"elementor-widget-container\">\n\t\t\t\t\t<h4 class=\"elementor-heading-title elementor-size-default\">Liability for Contents<\/h4>\t\t\t\t<\/div>\n\t\t\t\t<\/div>\n\t\t\t\t<div class=\"elementor-element elementor-element-170e839 elementor-widget elementor-widget-text-editor\" data-id=\"170e839\" data-element_type=\"widget\" data-e-type=\"widget\" data-widget_type=\"text-editor.default\">\n\t\t\t\t<div class=\"elementor-widget-container\">\n\t\t\t\t\t\t\t\t\t<p>As service providers, we are liable for own contents of these websites according to\nSec. 7, paragraph 1 German Telemedia Act (TMG).However, according to Sec. 8 to\n10 German Telemedia Act (TMG), service providers are not obligated to permanently\nmonitor submitted or stored information or to search for evidences that indicate\nillegal activities. Legal obligations to removing information or to blocking the use of\ninformation remain unchallenged. In this case, liability is only possible at the time of\nknowledge about a specific violation of law. Illegal contents will be removed\nimmediately at the time we get knowledge of them.<\/p>\t\t\t\t\t\t\t\t<\/div>\n\t\t\t\t<\/div>\n\t\t\t\t<div class=\"elementor-element elementor-element-58363a5 elementor-widget elementor-widget-heading\" data-id=\"58363a5\" data-element_type=\"widget\" data-e-type=\"widget\" data-widget_type=\"heading.default\">\n\t\t\t\t<div class=\"elementor-widget-container\">\n\t\t\t\t\t<h4 class=\"elementor-heading-title elementor-size-default\">Liability for Links<\/h4>\t\t\t\t<\/div>\n\t\t\t\t<\/div>\n\t\t\t\t<div class=\"elementor-element elementor-element-24f8e01 elementor-widget elementor-widget-text-editor\" data-id=\"24f8e01\" data-element_type=\"widget\" data-e-type=\"widget\" data-widget_type=\"text-editor.default\">\n\t\t\t\t<div class=\"elementor-widget-container\">\n\t\t\t\t\t\t\t\t\tOur offer includes links to external third party websites. We have no influence on the\ncontents of those websites, therefore we cannot guarantee for those contents.\nProviders or administrators of linked websites are always responsible for their own\ncontents. The linked websites had been checked for possible violations of law at the\ntime of the establishment of the link. Illegal contents were not detected at the time of\nthe linking. A permanent monitoring of the contents of linked websites cannot be\nimposed without reasonable indications that there has been a violation of law. Illegal\nlinks will be removed immediately at the time we get knowledge of them.\t\t\t\t\t\t\t\t<\/div>\n\t\t\t\t<\/div>\n\t\t\t\t<div class=\"elementor-element elementor-element-28a49f9 elementor-widget elementor-widget-heading\" data-id=\"28a49f9\" data-element_type=\"widget\" data-e-type=\"widget\" data-widget_type=\"heading.default\">\n\t\t\t\t<div class=\"elementor-widget-container\">\n\t\t\t\t\t<h4 class=\"elementor-heading-title elementor-size-default\">Copyright<\/h4>\t\t\t\t<\/div>\n\t\t\t\t<\/div>\n\t\t\t\t<div class=\"elementor-element elementor-element-e0f39d3 elementor-widget elementor-widget-text-editor\" data-id=\"e0f39d3\" data-element_type=\"widget\" data-e-type=\"widget\" data-widget_type=\"text-editor.default\">\n\t\t\t\t<div class=\"elementor-widget-container\">\n\t\t\t\t\t\t\t\t\tContents and compilations published on these websites by the providers are subject\nto German copyright laws. Reproduction, editing, distribution as well as the use of\nany kind outside the scope of the copyright law require a written permission of the\nauthor or originator. Downloads and copies of these websites are permitted for\nprivate use only.The commercial use of our contents without permission of the\noriginator is prohibited. Copyright laws of third parties are respected as long as the\ncontents on these websites do not originate from the provider. Contributions of third\nparties on this site are indicated as such. However, if you notice any violations of\ncopyright law, please inform us. Such contents will be removed immediately.\t\t\t\t\t\t\t\t<\/div>\n\t\t\t\t<\/div>\n\t\t\t\t\t<\/div>\n\t\t\t\t<\/div>\n\t\t\t\t<\/div>","protected":false},"excerpt":{"rendered":"<p>Impressum Aagosha Powered by Eurotextiles Eurotextiles GmbH &amp; Co. KGHRA 52174 \u2013 Amtsgericht Frankfurt am MainUSt-IdNr.: DE279479010Pers\u00f6nlich haftender Gesellschafter: Indra Enterprises GmbHGesch\u00e4ftsf\u00fchrer: Krishna JavvajiSitz der Gesellschaft: Frankfurter Str. 63\u201369, 65760 Eschborn(HRB 126753 Amtsgericht Frankfurt am Main, St.Nr. 046 315 61005)Tel.: 06174\/259-80 &amp; 06174\/2598 14 \/ 24Fax: 06174\/259-810E-Mail: info@eurotextiles.de &amp; contact@aagosha.com Haftungsausschluss Haftung f\u00fcr Inhalte Als Diensteanbieter sind wir gem\u00e4\u00df \u00a7 7 Abs. 1 TMG f\u00fcr eigene Inhalte auf diesen Seiten nach den allgemeinen Gesetzen verantwortlich. Nach \u00a7\u00a7 8 bis 10 TMG sind wir als Diensteanbieter jedoch nicht verpflichtet, \u00fcbermittelte oder gespeicherte fremde Informationen st\u00e4ndig zu \u00fcberwachen oder nach Umst\u00e4nden zu forschen, die auf eine rechtswidrige T\u00e4tigkeit hinweisen. Verpflichtungen zur Entfernung oder Sperrung der Nutzung von Informationen nach den allgemeinen Gesetzen bleiben hiervon unber\u00fchrt. Eine diesbez\u00fcgliche Haftung ist jedoch erst ab dem Zeitpunkt der Kenntnis einer konkreten Rechtsverletzung m\u00f6glich. Bei Bekanntwerden entsprechender Rechtsverletzungen werden diese Inhalte umgehend entfernt. Haftung f\u00fcr Links Unser Angebot enth\u00e4lt Links zu externen Webseiten Dritter, auf deren Inhalte wir keinen Einfluss haben. Deshalb k\u00f6nnen wir f\u00fcr diese fremden Inhalte auch keine Gew\u00e4hr \u00fcbernehmen. F\u00fcr die Inhalte der verlinkten Seiten ist stets der jeweilige Anbieter oder Betreiber der Seiten verantwortlich. Die verlinkten Seiten wurden zum Zeitpunkt der Verlinkung auf m\u00f6gliche Rechtsverst\u00f6\u00dfe \u00fcberpr\u00fcft. Rechtswidrige Inhalte waren zum Zeitpunkt der Verlinkung nicht erkennbar. Eine permanente inhaltliche Kontrolle der verlinkten Seiten ist jedoch ohne konkrete Anhaltspunkte einer Rechtsverletzung nicht zumutbar. Bei Bekanntwerden von Rechtsverletzungen werden derartige Links umgehend entfernt. Urheberrecht Die durch die Seitenbetreiber erstellten Inhalte und Werke auf diesen Seiten unterliegen dem deutschen Urheberrecht. Die Vervielf\u00e4ltigung, Bearbeitung, Verbreitung und jede Art der Verwertung au\u00dferhalb der Grenzen des Urheberrechtes bed\u00fcrfen der schriftlichen Zustimmung des jeweiligen Autors bzw. Erstellers. Downloads und Kopien dieser Seite sind nur f\u00fcr den privaten, nicht kommerziellen Gebrauch gestattet. Soweit die Inhalte auf dieser Seite nicht vom Betreiber erstellt wurden, werden die Urheberrechte Dritter beachtet. Insbesondere werden Inhalte Dritter als solche gekennzeichnet. Sollten Sie trotzdem auf eine Urheberrechtsverletzung aufmerksam werden, bitten wir um einen entsprechenden Hinweis. Bei Bekanntwerden von Rechtsverletzungen werden derartige Inhalte umgehend entfernt.<\/p>","protected":false},"author":1,"featured_media":0,"parent":0,"menu_order":0,"comment_status":"closed","ping_status":"closed","template":"","meta":{"two_page_speed":[],"footnotes":""},"class_list":["post-3502","page","type-page","status-publish","hentry"],"yoast_head":"<!-- This site is optimized with the Yoast SEO plugin v27.4 - https:\/\/yoast.com\/product\/yoast-seo-wordpress\/ -->\n<title>Imprint - Aagosha<\/title>\n<meta name=\"robots\" content=\"index, follow, max-snippet:-1, max-image-preview:large, max-video-preview:-1\" \/>\n<link rel=\"canonical\" href=\"https:\/\/aagosha.com\/en\/imprint\/\" \/>\n<meta property=\"og:locale\" content=\"en_US\" \/>\n<meta property=\"og:type\" content=\"article\" \/>\n<meta property=\"og:title\" content=\"Imprint - Aagosha\" \/>\n<meta property=\"og:description\" content=\"Impressum Aagosha Powered by Eurotextiles Eurotextiles GmbH &amp; Co. KGHRA 52174 \u2013 Amtsgericht Frankfurt am MainUSt-IdNr.: DE279479010Pers\u00f6nlich haftender Gesellschafter: Indra Enterprises GmbHGesch\u00e4ftsf\u00fchrer: Krishna JavvajiSitz der Gesellschaft: Frankfurter Str. 63\u201369, 65760 Eschborn(HRB 126753 Amtsgericht Frankfurt am Main, St.Nr. 046 315 61005)Tel.: 06174\/259-80 &amp; 06174\/2598 14 \/ 24Fax: 06174\/259-810E-Mail: info@eurotextiles.de &amp; contact@aagosha.com Haftungsausschluss Haftung f\u00fcr Inhalte Als Diensteanbieter sind wir gem\u00e4\u00df \u00a7 7 Abs. 1 TMG f\u00fcr eigene Inhalte auf diesen Seiten nach den allgemeinen Gesetzen verantwortlich. Nach \u00a7\u00a7 8 bis 10 TMG sind wir als Diensteanbieter jedoch nicht verpflichtet, \u00fcbermittelte oder gespeicherte fremde Informationen st\u00e4ndig zu \u00fcberwachen oder nach Umst\u00e4nden zu forschen, die auf eine rechtswidrige T\u00e4tigkeit hinweisen. Verpflichtungen zur Entfernung oder Sperrung der Nutzung von Informationen nach den allgemeinen Gesetzen bleiben hiervon unber\u00fchrt. Eine diesbez\u00fcgliche Haftung ist jedoch erst ab dem Zeitpunkt der Kenntnis einer konkreten Rechtsverletzung m\u00f6glich. Bei Bekanntwerden entsprechender Rechtsverletzungen werden diese Inhalte umgehend entfernt. Haftung f\u00fcr Links Unser Angebot enth\u00e4lt Links zu externen Webseiten Dritter, auf deren Inhalte wir keinen Einfluss haben. Deshalb k\u00f6nnen wir f\u00fcr diese fremden Inhalte auch keine Gew\u00e4hr \u00fcbernehmen. F\u00fcr die Inhalte der verlinkten Seiten ist stets der jeweilige Anbieter oder Betreiber der Seiten verantwortlich. Die verlinkten Seiten wurden zum Zeitpunkt der Verlinkung auf m\u00f6gliche Rechtsverst\u00f6\u00dfe \u00fcberpr\u00fcft. Rechtswidrige Inhalte waren zum Zeitpunkt der Verlinkung nicht erkennbar. Eine permanente inhaltliche Kontrolle der verlinkten Seiten ist jedoch ohne konkrete Anhaltspunkte einer Rechtsverletzung nicht zumutbar. Bei Bekanntwerden von Rechtsverletzungen werden derartige Links umgehend entfernt. Urheberrecht Die durch die Seitenbetreiber erstellten Inhalte und Werke auf diesen Seiten unterliegen dem deutschen Urheberrecht. Die Vervielf\u00e4ltigung, Bearbeitung, Verbreitung und jede Art der Verwertung au\u00dferhalb der Grenzen des Urheberrechtes bed\u00fcrfen der schriftlichen Zustimmung des jeweiligen Autors bzw. Erstellers. Downloads und Kopien dieser Seite sind nur f\u00fcr den privaten, nicht kommerziellen Gebrauch gestattet. Soweit die Inhalte auf dieser Seite nicht vom Betreiber erstellt wurden, werden die Urheberrechte Dritter beachtet. Insbesondere werden Inhalte Dritter als solche gekennzeichnet. Sollten Sie trotzdem auf eine Urheberrechtsverletzung aufmerksam werden, bitten wir um einen entsprechenden Hinweis. Bei Bekanntwerden von Rechtsverletzungen werden derartige Inhalte umgehend entfernt.\" \/>\n<meta property=\"og:url\" content=\"https:\/\/aagosha.com\/en\/imprint\/\" \/>\n<meta property=\"og:site_name\" content=\"Aagosha\" \/>\n<meta property=\"article:modified_time\" content=\"2025-07-22T07:28:05+00:00\" \/>\n<meta name=\"twitter:card\" content=\"summary_large_image\" \/>\n<meta name=\"twitter:label1\" content=\"Est. reading time\" \/>\n\t<meta name=\"twitter:data1\" content=\"2 minutes\" \/>\n<!-- \/ Yoast SEO plugin. -->","yoast_head_json":{"title":"Imprint - Aagosha","robots":{"index":"index","follow":"follow","max-snippet":"max-snippet:-1","max-image-preview":"max-image-preview:large","max-video-preview":"max-video-preview:-1"},"canonical":"https:\/\/aagosha.com\/en\/imprint\/","og_locale":"en_US","og_type":"article","og_title":"Imprint - Aagosha","og_description":"Impressum Aagosha Powered by Eurotextiles Eurotextiles GmbH &amp; Co. KGHRA 52174 \u2013 Amtsgericht Frankfurt am MainUSt-IdNr.: DE279479010Pers\u00f6nlich haftender Gesellschafter: Indra Enterprises GmbHGesch\u00e4ftsf\u00fchrer: Krishna JavvajiSitz der Gesellschaft: Frankfurter Str. 63\u201369, 65760 Eschborn(HRB 126753 Amtsgericht Frankfurt am Main, St.Nr. 046 315 61005)Tel.: 06174\/259-80 &amp; 06174\/2598 14 \/ 24Fax: 06174\/259-810E-Mail: info@eurotextiles.de &amp; contact@aagosha.com Haftungsausschluss Haftung f\u00fcr Inhalte Als Diensteanbieter sind wir gem\u00e4\u00df \u00a7 7 Abs. 1 TMG f\u00fcr eigene Inhalte auf diesen Seiten nach den allgemeinen Gesetzen verantwortlich. Nach \u00a7\u00a7 8 bis 10 TMG sind wir als Diensteanbieter jedoch nicht verpflichtet, \u00fcbermittelte oder gespeicherte fremde Informationen st\u00e4ndig zu \u00fcberwachen oder nach Umst\u00e4nden zu forschen, die auf eine rechtswidrige T\u00e4tigkeit hinweisen. Verpflichtungen zur Entfernung oder Sperrung der Nutzung von Informationen nach den allgemeinen Gesetzen bleiben hiervon unber\u00fchrt. Eine diesbez\u00fcgliche Haftung ist jedoch erst ab dem Zeitpunkt der Kenntnis einer konkreten Rechtsverletzung m\u00f6glich. Bei Bekanntwerden entsprechender Rechtsverletzungen werden diese Inhalte umgehend entfernt. Haftung f\u00fcr Links Unser Angebot enth\u00e4lt Links zu externen Webseiten Dritter, auf deren Inhalte wir keinen Einfluss haben. Deshalb k\u00f6nnen wir f\u00fcr diese fremden Inhalte auch keine Gew\u00e4hr \u00fcbernehmen. F\u00fcr die Inhalte der verlinkten Seiten ist stets der jeweilige Anbieter oder Betreiber der Seiten verantwortlich. Die verlinkten Seiten wurden zum Zeitpunkt der Verlinkung auf m\u00f6gliche Rechtsverst\u00f6\u00dfe \u00fcberpr\u00fcft. Rechtswidrige Inhalte waren zum Zeitpunkt der Verlinkung nicht erkennbar. Eine permanente inhaltliche Kontrolle der verlinkten Seiten ist jedoch ohne konkrete Anhaltspunkte einer Rechtsverletzung nicht zumutbar. Bei Bekanntwerden von Rechtsverletzungen werden derartige Links umgehend entfernt. Urheberrecht Die durch die Seitenbetreiber erstellten Inhalte und Werke auf diesen Seiten unterliegen dem deutschen Urheberrecht. Die Vervielf\u00e4ltigung, Bearbeitung, Verbreitung und jede Art der Verwertung au\u00dferhalb der Grenzen des Urheberrechtes bed\u00fcrfen der schriftlichen Zustimmung des jeweiligen Autors bzw. Erstellers. Downloads und Kopien dieser Seite sind nur f\u00fcr den privaten, nicht kommerziellen Gebrauch gestattet. Soweit die Inhalte auf dieser Seite nicht vom Betreiber erstellt wurden, werden die Urheberrechte Dritter beachtet. Insbesondere werden Inhalte Dritter als solche gekennzeichnet. Sollten Sie trotzdem auf eine Urheberrechtsverletzung aufmerksam werden, bitten wir um einen entsprechenden Hinweis. Bei Bekanntwerden von Rechtsverletzungen werden derartige Inhalte umgehend entfernt.","og_url":"https:\/\/aagosha.com\/en\/imprint\/","og_site_name":"Aagosha","article_modified_time":"2025-07-22T07:28:05+00:00","twitter_card":"summary_large_image","twitter_misc":{"Est. reading time":"2 minutes"},"schema":{"@context":"https:\/\/schema.org","@graph":[{"@type":"WebPage","@id":"https:\/\/aagosha.com\/imprint\/","url":"https:\/\/aagosha.com\/imprint\/","name":"Imprint - Aagosha","isPartOf":{"@id":"https:\/\/aagosha.com\/#website"},"datePublished":"2025-07-22T06:54:11+00:00","dateModified":"2025-07-22T07:28:05+00:00","breadcrumb":{"@id":"https:\/\/aagosha.com\/imprint\/#breadcrumb"},"inLanguage":"en-US","potentialAction":[{"@type":"ReadAction","target":["https:\/\/aagosha.com\/imprint\/"]}]},{"@type":"BreadcrumbList","@id":"https:\/\/aagosha.com\/imprint\/#breadcrumb","itemListElement":[{"@type":"ListItem","position":1,"name":"Startseite","item":"https:\/\/aagosha.com\/"},{"@type":"ListItem","position":2,"name":"Imprint"}]},{"@type":"WebSite","@id":"https:\/\/aagosha.com\/#website","url":"https:\/\/aagosha.com\/","name":"Aagosha","description":"","publisher":{"@id":"https:\/\/aagosha.com\/#organization"},"potentialAction":[{"@type":"SearchAction","target":{"@type":"EntryPoint","urlTemplate":"https:\/\/aagosha.com\/?s={search_term_string}"},"query-input":{"@type":"PropertyValueSpecification","valueRequired":true,"valueName":"search_term_string"}}],"inLanguage":"en-US"},{"@type":"Organization","@id":"https:\/\/aagosha.com\/#organization","name":"Aagosha","url":"https:\/\/aagosha.com\/","logo":{"@type":"ImageObject","inLanguage":"en-US","@id":"https:\/\/aagosha.com\/#\/schema\/logo\/image\/","url":"https:\/\/aagosha.com\/wp-content\/uploads\/2025\/04\/cropped-aagosha-logo-1.png","contentUrl":"https:\/\/aagosha.com\/wp-content\/uploads\/2025\/04\/cropped-aagosha-logo-1.png","width":186,"height":53,"caption":"Aagosha"},"image":{"@id":"https:\/\/aagosha.com\/#\/schema\/logo\/image\/"}}]}},"_links":{"self":[{"href":"https:\/\/aagosha.com\/en\/wp-json\/wp\/v2\/pages\/3502","targetHints":{"allow":["GET"]}}],"collection":[{"href":"https:\/\/aagosha.com\/en\/wp-json\/wp\/v2\/pages"}],"about":[{"href":"https:\/\/aagosha.com\/en\/wp-json\/wp\/v2\/types\/page"}],"author":[{"embeddable":true,"href":"https:\/\/aagosha.com\/en\/wp-json\/wp\/v2\/users\/1"}],"replies":[{"embeddable":true,"href":"https:\/\/aagosha.com\/en\/wp-json\/wp\/v2\/comments?post=3502"}],"version-history":[{"count":19,"href":"https:\/\/aagosha.com\/en\/wp-json\/wp\/v2\/pages\/3502\/revisions"}],"predecessor-version":[{"id":3522,"href":"https:\/\/aagosha.com\/en\/wp-json\/wp\/v2\/pages\/3502\/revisions\/3522"}],"wp:attachment":[{"href":"https:\/\/aagosha.com\/en\/wp-json\/wp\/v2\/media?parent=3502"}],"curies":[{"name":"wp","href":"https:\/\/api.w.org\/{rel}","templated":true}]}}