{"id":562,"date":"2025-04-29T16:26:17","date_gmt":"2025-04-29T10:56:17","guid":{"rendered":"https:\/\/aagosha.com\/?page_id=562"},"modified":"2025-07-24T16:43:39","modified_gmt":"2025-07-24T11:13:39","slug":"stories","status":"publish","type":"page","link":"https:\/\/aagosha.com\/en\/stories\/","title":{"rendered":"Blog"},"content":{"rendered":"<div data-elementor-type=\"wp-page\" data-elementor-id=\"562\" class=\"elementor elementor-562\" data-elementor-post-type=\"page\">\n\t\t\t\t<div class=\"elementor-element elementor-element-0009a4f e-flex e-con-boxed wpr-particle-no wpr-jarallax-no wpr-parallax-no wpr-sticky-section-no wpr-equal-height-no e-con e-parent\" data-id=\"0009a4f\" data-element_type=\"container\" data-e-type=\"container\" data-settings=\"{&quot;background_background&quot;:&quot;classic&quot;}\">\n\t\t\t\t\t<div class=\"e-con-inner\">\n\t\t\t\t<div class=\"elementor-element elementor-element-3f5aee7 elementor-widget__width-inherit elementor-widget elementor-widget-heading\" data-id=\"3f5aee7\" data-element_type=\"widget\" data-e-type=\"widget\" data-widget_type=\"heading.default\">\n\t\t\t\t<div class=\"elementor-widget-container\">\n\t\t\t\t\t<h2 class=\"elementor-heading-title elementor-size-default\">Story<\/h2>\t\t\t\t<\/div>\n\t\t\t\t<\/div>\n\t\t\t\t\t<\/div>\n\t\t\t\t<\/div>\n\t\t<div class=\"elementor-element elementor-element-841e2f5 e-flex e-con-boxed wpr-particle-no wpr-jarallax-no wpr-parallax-no wpr-sticky-section-no wpr-equal-height-no e-con e-parent\" data-id=\"841e2f5\" data-element_type=\"container\" data-e-type=\"container\" data-settings=\"{&quot;background_background&quot;:&quot;classic&quot;}\">\n\t\t\t\t\t<div class=\"e-con-inner\">\n\t\t\t\t<div class=\"elementor-element elementor-element-991293c elementor-widget elementor-widget-elementskit-blog-posts\" data-id=\"991293c\" data-element_type=\"widget\" data-e-type=\"widget\" data-widget_type=\"elementskit-blog-posts.default\">\n\t\t\t\t<div class=\"elementor-widget-container\">\n\t\t\t\t\t<div class=\"ekit-wid-con\" >        <div id=\"post-items--991293c\" class=\"row post-items\">\n                    <div class=\"col-md-12\">\n\n                                    <div class=\"elementskit-blog-block-post\">\n                        <div class=\"row no-gutters\">\n                            \n                            <div class=\"col-md-12 order-2\">\n                                <div class=\"elementskit-post-body\">\n                                    <div class=\"elementskit-entry-header\">\n                                        \n                                                                                            \t\t\t\t\t                                            \n                                            \n                                                                                            \t\t\t\t<h2 class=\"entry-title\">\n\t\t\t\t\t<a href=\"https:\/\/aagosha.com\/en\/why-organic-bedding-matters-more-than-you-think\/\">\n\t\t\t\t\t\tWhy Organic Bedding Matters More Than You Think\t\t\t\t\t<\/a>\n\t\t\t\t<\/h2>\n\t\t\t                                                                                <\/div><!-- .elementskit-entry-header END -->\n\n                                                                            <div class=\"elementskit-post-footer\">\n                                                                                            <p>\ud83d\udecf\ufe0f What Is Organic Bedding? Organic bedding is made from 100% certified organic cotton \u2014 grown without harmful pesticides, toxic chemicals, or genetically modified (GMO) seeds. That means every thread starts in soil that\u2019s cared&hellip;<\/p>\n                                                                                                                                <\/div><!-- .elementskit-post-footer END -->\n                                                                    <\/div><!-- .elementskit-post-body END -->\n                            <\/div>\n                        <\/div>\n                    <\/div><!-- .elementskit-blog-block-post .radius .gradient-bg END -->\n                \n            <\/div>\n                    <div class=\"col-md-12\">\n\n                                    <div class=\"elementskit-blog-block-post\">\n                        <div class=\"row no-gutters\">\n                                                            <div class=\"col-md-6 order-1\">\n                                    <a href=\"https:\/\/aagosha.com\/en\/organic-fairtrade-made-affordable\/\" class=\"elementskit-entry-thumb\">\n                                        <img decoding=\"async\" src=\"https:\/\/aagosha.com\/wp-content\/uploads\/2025\/04\/sliding1-1024x542-1-768x407.png\" alt=\"Organic &amp; Fairtrade Made Affordable\">\n                                    <\/a><!-- .elementskit-entry-thumb END -->\n                                <\/div>\n                            \n                            <div class=\"col-md-6 order-2\">\n                                <div class=\"elementskit-post-body\">\n                                    <div class=\"elementskit-entry-header\">\n                                        \n                                                                                            \t\t\t\t\t                                            \n                                            \n                                                                                            \t\t\t\t<h2 class=\"entry-title\">\n\t\t\t\t\t<a href=\"https:\/\/aagosha.com\/en\/organic-fairtrade-made-affordable\/\">\n\t\t\t\t\t\tOrganic &amp; Fairtrade Made Affordable\t\t\t\t\t<\/a>\n\t\t\t\t<\/h2>\n\t\t\t                                                                                <\/div><!-- .elementskit-entry-header END -->\n\n                                                                            <div class=\"elementskit-post-footer\">\n                                                                                            <p>Organic &amp; Fairtrade affordable for everyone \ud83c\udf3f Discover Aagosha Welcome to Aagosha \u2014 where comfort meets conscience. Our mission is simple:To offer high-quality, organic bedding that\u2019s affordable for everyone. \ud83d\udecf\ufe0f Comfort You Can Feel Good&hellip;<\/p>\n                                                                                                                                <\/div><!-- .elementskit-post-footer END -->\n                                                                    <\/div><!-- .elementskit-post-body END -->\n                            <\/div>\n                        <\/div>\n                    <\/div><!-- .elementskit-blog-block-post .radius .gradient-bg END -->\n                \n            <\/div>\n                    <div class=\"col-md-12\">\n\n                                    <div class=\"elementskit-blog-block-post\">\n                        <div class=\"row no-gutters\">\n                                                            <div class=\"col-md-6 order-1\">\n                                    <a href=\"https:\/\/aagosha.com\/en\/aagoshas-vision-for-sustainable-bed-linen-sustainably-good-fair-price\/\" class=\"elementskit-entry-thumb\">\n                                        <img decoding=\"async\" src=\"https:\/\/aagosha.com\/wp-content\/uploads\/2025\/04\/Untitled-2-768x407.jpg\" alt=\"Aagosha&#8217;s Vision f\u00fcr nachhaltige Bettw\u00e4sche Nachhaltig gut, fair im Preis\">\n                                    <\/a><!-- .elementskit-entry-thumb END -->\n                                <\/div>\n                            \n                            <div class=\"col-md-6 order-2\">\n                                <div class=\"elementskit-post-body\">\n                                    <div class=\"elementskit-entry-header\">\n                                        \n                                                                                            \t\t\t\t\t                                            \n                                            \n                                                                                            \t\t\t\t<h2 class=\"entry-title\">\n\t\t\t\t\t<a href=\"https:\/\/aagosha.com\/en\/aagoshas-vision-for-sustainable-bed-linen-sustainably-good-fair-price\/\">\n\t\t\t\t\t\tAagosha&#8217;s Vision f\u00fcr nachhaltige Bettw\u00e4sche Nachhaltig gut, fair im Preis\t\t\t\t\t<\/a>\n\t\t\t\t<\/h2>\n\t\t\t                                                                                <\/div><!-- .elementskit-entry-header END -->\n\n                                                                            <div class=\"elementskit-post-footer\">\n                                                                                            <p>Nachhaltige Produkte sind oft ein Synonym f\u00fcr Luxus, nicht nur wegen ihrer Qualit\u00e4t, sondern vor allem wegen ihres Preises. Nachhaltigkeit und Fairness sollte jedoch nicht an finanziellen H\u00fcrden scheitern und trotzdem passiert genau das h\u00e4ufig.&hellip;<\/p>\n                                                                                                                                <\/div><!-- .elementskit-post-footer END -->\n                                                                    <\/div><!-- .elementskit-post-body END -->\n                            <\/div>\n                        <\/div>\n                    <\/div><!-- .elementskit-blog-block-post .radius .gradient-bg END -->\n                \n            <\/div>\n                <\/div>\n       <\/div>\t\t\t\t<\/div>\n\t\t\t\t<\/div>\n\t\t\t\t\t<\/div>\n\t\t\t\t<\/div>\n\t\t\t\t<\/div>","protected":false},"excerpt":{"rendered":"<p>Geschichten Bio &#038; Fairtrade \u2013 Bezahlbar gemacht Entdecke Aagosha: Willkommen bei Aagosha \u2013 Unser Ziel? Hochwertige, bequeme Bettw\u00e4sche anzubieten, die sich jeder leisten kann. Unsere Bettw\u00e4sche bietet nicht nur au\u00dfergew\u00f6hnlichen Komfort f\u00fcr dich und deine Liebsten \u2013 sie wird auch aus nachhaltigen&hellip; Aagoshahs Vision f\u00fcr nachhaltige Bettw\u00e4sche Nachhaltig gut, fair im Preis Was macht Aagosha so besonders? Bei Aagosha ist unsere Leidenschaft f\u00fcr den Planeten das, was uns vom \u00fcblichen profitorientierten Markt unterscheidet. Unser Ziel ist es, durch unser Engagement f\u00fcr ethische Produktion, fairen Handel und erschwingliche,&hellip;<\/p>","protected":false},"author":1,"featured_media":0,"parent":0,"menu_order":0,"comment_status":"closed","ping_status":"closed","template":"","meta":{"two_page_speed":[],"footnotes":""},"class_list":["post-562","page","type-page","status-publish","hentry"],"yoast_head":"<!-- This site is optimized with the Yoast SEO plugin v27.4 - https:\/\/yoast.com\/product\/yoast-seo-wordpress\/ -->\n<title>Blog - Aagosha<\/title>\n<meta name=\"robots\" content=\"index, follow, max-snippet:-1, max-image-preview:large, max-video-preview:-1\" \/>\n<link rel=\"canonical\" href=\"https:\/\/aagosha.com\/en\/stories\/\" \/>\n<meta property=\"og:locale\" content=\"en_US\" \/>\n<meta property=\"og:type\" content=\"article\" \/>\n<meta property=\"og:title\" content=\"Blog - Aagosha\" \/>\n<meta property=\"og:description\" content=\"Geschichten Bio &#038; Fairtrade \u2013 Bezahlbar gemacht Entdecke Aagosha: Willkommen bei Aagosha \u2013 Unser Ziel? Hochwertige, bequeme Bettw\u00e4sche anzubieten, die sich jeder leisten kann. Unsere Bettw\u00e4sche bietet nicht nur au\u00dfergew\u00f6hnlichen Komfort f\u00fcr dich und deine Liebsten \u2013 sie wird auch aus nachhaltigen&hellip; Aagoshahs Vision f\u00fcr nachhaltige Bettw\u00e4sche Nachhaltig gut, fair im Preis Was macht Aagosha so besonders? Bei Aagosha ist unsere Leidenschaft f\u00fcr den Planeten das, was uns vom \u00fcblichen profitorientierten Markt unterscheidet. Unser Ziel ist es, durch unser Engagement f\u00fcr ethische Produktion, fairen Handel und erschwingliche,&hellip;\" \/>\n<meta property=\"og:url\" content=\"https:\/\/aagosha.com\/en\/stories\/\" \/>\n<meta property=\"og:site_name\" content=\"Aagosha\" \/>\n<meta property=\"article:modified_time\" content=\"2025-07-24T11:13:39+00:00\" \/>\n<meta property=\"og:image\" content=\"https:\/\/aagosha.com\/wp-content\/uploads\/2025\/04\/sliding1-1024x542-1-768x407.png\" \/>\n<meta name=\"twitter:card\" content=\"summary_large_image\" \/>\n<meta name=\"twitter:label1\" content=\"Est. reading time\" \/>\n\t<meta name=\"twitter:data1\" content=\"1 minute\" \/>\n<!-- \/ Yoast SEO plugin. -->","yoast_head_json":{"title":"Blog - Aagosha","robots":{"index":"index","follow":"follow","max-snippet":"max-snippet:-1","max-image-preview":"max-image-preview:large","max-video-preview":"max-video-preview:-1"},"canonical":"https:\/\/aagosha.com\/en\/stories\/","og_locale":"en_US","og_type":"article","og_title":"Blog - Aagosha","og_description":"Geschichten Bio &#038; Fairtrade \u2013 Bezahlbar gemacht Entdecke Aagosha: Willkommen bei Aagosha \u2013 Unser Ziel? Hochwertige, bequeme Bettw\u00e4sche anzubieten, die sich jeder leisten kann. Unsere Bettw\u00e4sche bietet nicht nur au\u00dfergew\u00f6hnlichen Komfort f\u00fcr dich und deine Liebsten \u2013 sie wird auch aus nachhaltigen&hellip; Aagoshahs Vision f\u00fcr nachhaltige Bettw\u00e4sche Nachhaltig gut, fair im Preis Was macht Aagosha so besonders? Bei Aagosha ist unsere Leidenschaft f\u00fcr den Planeten das, was uns vom \u00fcblichen profitorientierten Markt unterscheidet. Unser Ziel ist es, durch unser Engagement f\u00fcr ethische Produktion, fairen Handel und erschwingliche,&hellip;","og_url":"https:\/\/aagosha.com\/en\/stories\/","og_site_name":"Aagosha","article_modified_time":"2025-07-24T11:13:39+00:00","og_image":[{"url":"https:\/\/aagosha.com\/wp-content\/uploads\/2025\/04\/sliding1-1024x542-1-768x407.png","type":"","width":"","height":""}],"twitter_card":"summary_large_image","twitter_misc":{"Est. reading time":"1 minute"},"schema":{"@context":"https:\/\/schema.org","@graph":[{"@type":"WebPage","@id":"https:\/\/aagosha.com\/stories\/","url":"https:\/\/aagosha.com\/stories\/","name":"Blog - Aagosha","isPartOf":{"@id":"https:\/\/aagosha.com\/#website"},"primaryImageOfPage":{"@id":"https:\/\/aagosha.com\/stories\/#primaryimage"},"image":{"@id":"https:\/\/aagosha.com\/stories\/#primaryimage"},"thumbnailUrl":"https:\/\/aagosha.com\/wp-content\/uploads\/2025\/04\/sliding1-1024x542-1-768x407.png","datePublished":"2025-04-29T10:56:17+00:00","dateModified":"2025-07-24T11:13:39+00:00","breadcrumb":{"@id":"https:\/\/aagosha.com\/stories\/#breadcrumb"},"inLanguage":"en-US","potentialAction":[{"@type":"ReadAction","target":["https:\/\/aagosha.com\/stories\/"]}]},{"@type":"ImageObject","inLanguage":"en-US","@id":"https:\/\/aagosha.com\/stories\/#primaryimage","url":"https:\/\/aagosha.com\/wp-content\/uploads\/2025\/04\/sliding1-1024x542-1-768x407.png","contentUrl":"https:\/\/aagosha.com\/wp-content\/uploads\/2025\/04\/sliding1-1024x542-1-768x407.png"},{"@type":"BreadcrumbList","@id":"https:\/\/aagosha.com\/stories\/#breadcrumb","itemListElement":[{"@type":"ListItem","position":1,"name":"Startseite","item":"https:\/\/aagosha.com\/"},{"@type":"ListItem","position":2,"name":"Blog"}]},{"@type":"WebSite","@id":"https:\/\/aagosha.com\/#website","url":"https:\/\/aagosha.com\/","name":"Aagosha","description":"","publisher":{"@id":"https:\/\/aagosha.com\/#organization"},"potentialAction":[{"@type":"SearchAction","target":{"@type":"EntryPoint","urlTemplate":"https:\/\/aagosha.com\/?s={search_term_string}"},"query-input":{"@type":"PropertyValueSpecification","valueRequired":true,"valueName":"search_term_string"}}],"inLanguage":"en-US"},{"@type":"Organization","@id":"https:\/\/aagosha.com\/#organization","name":"Aagosha","url":"https:\/\/aagosha.com\/","logo":{"@type":"ImageObject","inLanguage":"en-US","@id":"https:\/\/aagosha.com\/#\/schema\/logo\/image\/","url":"https:\/\/aagosha.com\/wp-content\/uploads\/2025\/04\/cropped-aagosha-logo-1.png","contentUrl":"https:\/\/aagosha.com\/wp-content\/uploads\/2025\/04\/cropped-aagosha-logo-1.png","width":186,"height":53,"caption":"Aagosha"},"image":{"@id":"https:\/\/aagosha.com\/#\/schema\/logo\/image\/"}}]}},"_links":{"self":[{"href":"https:\/\/aagosha.com\/en\/wp-json\/wp\/v2\/pages\/562","targetHints":{"allow":["GET"]}}],"collection":[{"href":"https:\/\/aagosha.com\/en\/wp-json\/wp\/v2\/pages"}],"about":[{"href":"https:\/\/aagosha.com\/en\/wp-json\/wp\/v2\/types\/page"}],"author":[{"embeddable":true,"href":"https:\/\/aagosha.com\/en\/wp-json\/wp\/v2\/users\/1"}],"replies":[{"embeddable":true,"href":"https:\/\/aagosha.com\/en\/wp-json\/wp\/v2\/comments?post=562"}],"version-history":[{"count":31,"href":"https:\/\/aagosha.com\/en\/wp-json\/wp\/v2\/pages\/562\/revisions"}],"predecessor-version":[{"id":3529,"href":"https:\/\/aagosha.com\/en\/wp-json\/wp\/v2\/pages\/562\/revisions\/3529"}],"wp:attachment":[{"href":"https:\/\/aagosha.com\/en\/wp-json\/wp\/v2\/media?parent=562"}],"curies":[{"name":"wp","href":"https:\/\/api.w.org\/{rel}","templated":true}]}}